{"id":8900,"date":"2026-03-14T12:45:06","date_gmt":"2026-03-14T12:45:06","guid":{"rendered":"https:\/\/www.chinastemp.com.br\/?post_type=product&#038;p=8900"},"modified":"2026-03-15T14:39:50","modified_gmt":"2026-03-15T14:39:50","slug":"hidrociclone","status":"publish","type":"product","link":"https:\/\/www.chinastemp.com.br\/en\/product\/hidrociclone\/","title":{"rendered":"Hidrociclone"},"content":{"rendered":"<p>Como o fabricante profissional, oferecemos os seguintes tipos do hidrociclone:<\/p>\n<ol>\n<li>\u00a0Ciclone com Voluta<\/li>\n<\/ol>\n<p>C\u00e2mara de Alimenta\u00e7\u00e3o de Pr\u00e9-classifica\u00e7\u00e3o<\/p>\n<p>Adota tecnologia de rota\u00e7\u00e3o no sentido hor\u00e1rio das part\u00edculas de alimenta\u00e7\u00e3o e arranjo radial; Campo de fluxo de alimenta\u00e7\u00e3o est\u00e1vel, reduzindo efetivamente o fluxo de curto-circuito; Baixa resist\u00eancia na entrada, com baixo consumo de energia; Menor extravio de part\u00edculas finas no fluxo inferior (underflow), resultando em maior efici\u00eancia de classifica\u00e7\u00e3o.<\/p>\n<p>2. Ciclone de Fundo Plano<\/p>\n<p>Adota tecnologia de classifica\u00e7\u00e3o de alta efici\u00eancia com leito fluidizado de fundo plano;<\/p>\n<p>Menor extravio de part\u00edculas finas no fluxo inferior, com efici\u00eancia de classifica\u00e7\u00e3o 10% superior \u00e0 dos ciclones convencionais;<\/p>\n<p>Menor carga de circula\u00e7\u00e3o, resultando em maior capacidade de moagem e classifica\u00e7\u00e3o, e menor consumo unit\u00e1rio de energia;<\/p>\n<p>Atenua o problema de &#8220;anti-enriquecimento&#8221; na classifica\u00e7\u00e3o de min\u00e9rio de ferro; Adequado para a moagem prim\u00e1ria e classifica\u00e7\u00e3o de min\u00e9rios de metais ferrosos.<\/p>\n<p>3. Ciclone Multic\u00f4nico<\/p>\n<p>Adota tecnologia de classifica\u00e7\u00e3o centr\u00edfuga n\u00e3o linear multic\u00f4nica;<\/p>\n<p>Design multic\u00f4nico, gerando alta for\u00e7a centr\u00edfuga e um ponto de corte (cut size) fino;<\/p>\n<p>Menor queda de press\u00e3o no ciclone, permitindo uma maior capacidade de processamento;<\/p>\n<p>Baixa resist\u00eancia na entrada, com baixo consumo de energia; Adequado para classifica\u00e7\u00e3o fina, deslamagem, espessamento e outras opera\u00e7\u00f5es.<\/p>\n<p>4. Ciclone Multic\u00f4nico<\/p>\n<p>Adota tecnologia de classifica\u00e7\u00e3o centr\u00edfuga n\u00e3o linear multic\u00f4nica;<\/p>\n<p>Design multic\u00f4nico, gerando alta for\u00e7a centr\u00edfuga e um ponto de corte (cut size) fino;<\/p>\n<p>Menor queda de press\u00e3o no ciclone, permitindo uma maior capacidade de processamento;<\/p>\n<p>Baixa resist\u00eancia na entrada, com baixo consumo de energia;<\/p>\n<p>Adequado para classifica\u00e7\u00e3o fina, deslamagem, espessamento e outras opera\u00e7\u00f5es.<\/p>\n<p>5. Ciclone com C\u00e2mara de Alimenta\u00e7\u00e3o Espiral<\/p>\n<p>Apresenta design com c\u00e2mara de alimenta\u00e7\u00e3o em espiral;<\/p>\n<p>Campo de fluxo de alimenta\u00e7\u00e3o est\u00e1vel, com menor turbul\u00eancia na entrada;<\/p>\n<p>Menor resist\u00eancia na entrada, resultando em menor desgaste e consumo de energia;<\/p>\n<p>Menor fluxo de curto-circuito, com maior efici\u00eancia de classifica\u00e7\u00e3o;<\/p>\n<p>Maior capacidade por conjunto de ciclones.<\/p>\n<p>6. Ciclone para Classifica\u00e7\u00e3o<\/p>\n<p>Ultrafina Apresenta \u00e2ngulo c\u00f4nico ultrapequeno e design multic\u00f4nico;<\/p>\n<p>Excelente resist\u00eancia ao desgaste e \u00e0 corros\u00e3o;<\/p>\n<p>Superf\u00edcie interna lisa, proporcionando maior precis\u00e3o na classifica\u00e7\u00e3o;<\/p>\n<p>Faixa de granulometria de 1 a 5 \u00b5m.<\/p>","protected":false},"excerpt":{"rendered":"<p>Hidrociclone \u00e9 um equipament de classifica\u00e7\u00e3o que utiliza a for\u00e7a centr\u00edfuga para acelerar a sedimenta\u00e7\u00e3o de part\u00edculas minerais.<\/p>\n<p>Aproveita as diferentes for\u00e7as centr\u00edfugas experimentadas pelos materiais em um campo de fluxo rotativo de alta velocidade para separar part\u00edculas grossas e finas.<\/p>\n<p>A polpa entra no cilindro tangencialmente sob alta press\u00e3o; as part\u00edculas grossas e pesadas s\u00e3o descarregadas pela sa\u00edda de areia inferior com o fluxo turbilhonar externo, enquanto as part\u00edculas finas e leves s\u00e3o descarregadas pelo tubo de transbordamento superior com o fluxo turbilhonar interno.<\/p>\n<p>Principais aplica\u00e7\u00f5es no processamento mineral:<\/p>\n<p>1. Classifica\u00e7\u00e3o: Separa\u00e7\u00e3o de part\u00edculas na polpa em part\u00edculas grossas (fluxo inferior) e part\u00edculas finas (fluxo superior). Utilizado em conjunto com um moinho de bolas, separa as part\u00edculas finas qualificadas da descarga do moinho (fluxo superior), enquanto as part\u00edculas grossas (fluxo inferior) retornam ao moinho para remoagem. Este \u00e9 um equipamento fundamental para garantir a efici\u00eancia e a qualidade da moagem.<\/p>\n<p>2. Separa\u00e7\u00e3o por densidade: Quando existem diferen\u00e7as significativas na densidade das part\u00edculas (como carv\u00e3o e ganga, minerais met\u00e1licos e ganga), a for\u00e7a centr\u00edfuga \u00e9 utilizada para realizar a separa\u00e7\u00e3o por densidade em uma suspens\u00e3o de meio denso (como um l\u00edquido denso feito de p\u00f3 de magnetita). Este \u00e9 um hidrociclone de meio denso, amplamente utilizado na separa\u00e7\u00e3o de minerais.<\/p>\n<p>3. Pr\u00e9-desaguamento: O downflow atende aos requisitos da taxa do s\u00f3lido em polpa de entrada no filtro de desuaguamento. O overflow flui para o espessador, reduzindo a carga sobre o mesmo.<\/p>","protected":false},"featured_media":8904,"comment_status":"closed","ping_status":"closed","template":"","meta":{"_seopress_robots_primary_cat":"none","_seopress_titles_title":"","_seopress_titles_desc":"","_seopress_robots_index":"","site-sidebar-layout":"default","site-content-layout":"","ast-site-content-layout":"default","site-content-style":"default","site-sidebar-style":"default","ast-global-header-display":"","ast-banner-title-visibility":"","ast-main-header-display":"","ast-hfb-above-header-display":"","ast-hfb-below-header-display":"","ast-hfb-mobile-header-display":"","site-post-title":"","ast-breadcrumbs-content":"","ast-featured-img":"","footer-sml-layout":"","theme-transparent-header-meta":"default","adv-header-id-meta":"","stick-header-meta":"default","header-above-stick-meta":"","header-main-stick-meta":"","header-below-stick-meta":"","astra-migrate-meta-layouts":"set","ast-page-background-enabled":"default","ast-page-background-meta":{"desktop":{"background-color":"var(--ast-global-color-4)","background-image":"","background-repeat":"repeat","background-position":"center center","background-size":"auto","background-attachment":"scroll","background-type":"","background-media":"","overlay-type":"","overlay-color":"","overlay-opacity":"","overlay-gradient":""},"tablet":{"background-color":"","background-image":"","background-repeat":"repeat","background-position":"center center","background-size":"auto","background-attachment":"scroll","background-type":"","background-media":"","overlay-type":"","overlay-color":"","overlay-opacity":"","overlay-gradient":""},"mobile":{"background-color":"","background-image":"","background-repeat":"repeat","background-position":"center center","background-size":"auto","background-attachment":"scroll","background-type":"","background-media":"","overlay-type":"","overlay-color":"","overlay-opacity":"","overlay-gradient":""}},"ast-content-background-meta":{"desktop":{"background-color":"var(--ast-global-color-5)","background-image":"","background-repeat":"repeat","background-position":"center center","background-size":"auto","background-attachment":"scroll","background-type":"","background-media":"","overlay-type":"","overlay-color":"","overlay-opacity":"","overlay-gradient":""},"tablet":{"background-color":"var(--ast-global-color-5)","background-image":"","background-repeat":"repeat","background-position":"center center","background-size":"auto","background-attachment":"scroll","background-type":"","background-media":"","overlay-type":"","overlay-color":"","overlay-opacity":"","overlay-gradient":""},"mobile":{"background-color":"var(--ast-global-color-5)","background-image":"","background-repeat":"repeat","background-position":"center center","background-size":"auto","background-attachment":"scroll","background-type":"","background-media":"","overlay-type":"","overlay-color":"","overlay-opacity":"","overlay-gradient":""}}},"product_brand":[],"product_cat":[92,85],"product_tag":[],"class_list":{"0":"post-8900","1":"product","2":"type-product","3":"status-publish","4":"has-post-thumbnail","6":"product_cat-desaguamento","7":"product_cat-mineracao","8":"desktop-align-center","9":"tablet-align-left","10":"mobile-align-left","11":"ast-product-gallery-layout-horizontal-slider","12":"ast-product-tabs-layout-horizontal","14":"first","15":"instock","16":"featured","17":"shipping-taxable","18":"product-type-simple"},"_links":{"self":[{"href":"https:\/\/www.chinastemp.com.br\/en\/wp-json\/wp\/v2\/product\/8900","targetHints":{"allow":["GET"]}}],"collection":[{"href":"https:\/\/www.chinastemp.com.br\/en\/wp-json\/wp\/v2\/product"}],"about":[{"href":"https:\/\/www.chinastemp.com.br\/en\/wp-json\/wp\/v2\/types\/product"}],"replies":[{"embeddable":true,"href":"https:\/\/www.chinastemp.com.br\/en\/wp-json\/wp\/v2\/comments?post=8900"}],"wp:featuredmedia":[{"embeddable":true,"href":"https:\/\/www.chinastemp.com.br\/en\/wp-json\/wp\/v2\/media\/8904"}],"wp:attachment":[{"href":"https:\/\/www.chinastemp.com.br\/en\/wp-json\/wp\/v2\/media?parent=8900"}],"wp:term":[{"taxonomy":"product_brand","embeddable":true,"href":"https:\/\/www.chinastemp.com.br\/en\/wp-json\/wp\/v2\/product_brand?post=8900"},{"taxonomy":"product_cat","embeddable":true,"href":"https:\/\/www.chinastemp.com.br\/en\/wp-json\/wp\/v2\/product_cat?post=8900"},{"taxonomy":"product_tag","embeddable":true,"href":"https:\/\/www.chinastemp.com.br\/en\/wp-json\/wp\/v2\/product_tag?post=8900"}],"curies":[{"name":"wp","href":"https:\/\/api.w.org\/{rel}","templated":true}]}}