{"id":8895,"date":"2026-03-14T11:57:02","date_gmt":"2026-03-14T11:57:02","guid":{"rendered":"https:\/\/www.chinastemp.com.br\/?post_type=product&#038;p=8895"},"modified":"2026-03-14T12:12:46","modified_gmt":"2026-03-14T12:12:46","slug":"agitador-submerso","status":"publish","type":"product","link":"https:\/\/www.chinastemp.com.br\/en\/product\/agitador-submerso\/","title":{"rendered":"Agitador Submerso"},"content":{"rendered":"<p><img alt=\"\" fetchpriority=\"high\" decoding=\"async\" class=\"aligncenter wp-image-8899 size-large\" src=\"http:\/\/www.chinastemp.com.br\/wp-content\/uploads\/2026\/03\/agitador-submerso-Estrutura-1024x533.png\" width=\"1024\" height=\"533\" srcset=\"https:\/\/www.chinastemp.com.br\/wp-content\/uploads\/2026\/03\/agitador-submerso-Estrutura-1024x533.png 1024w, https:\/\/www.chinastemp.com.br\/wp-content\/uploads\/2026\/03\/agitador-submerso-Estrutura-300x156.png 300w, https:\/\/www.chinastemp.com.br\/wp-content\/uploads\/2026\/03\/agitador-submerso-Estrutura-768x400.png 768w, https:\/\/www.chinastemp.com.br\/wp-content\/uploads\/2026\/03\/agitador-submerso-Estrutura-18x9.png 18w, https:\/\/www.chinastemp.com.br\/wp-content\/uploads\/2026\/03\/agitador-submerso-Estrutura-600x312.png 600w, https:\/\/www.chinastemp.com.br\/wp-content\/uploads\/2026\/03\/agitador-submerso-Estrutura.png 1032w\" sizes=\"(max-width: 1024px) 100vw, 1024px\" \/><\/p>","protected":false},"excerpt":{"rendered":"<div class=\"n4sEPd\">\n<div class=\"FFpbKc\">\n<div class=\"xMmqsf\">\n<div class=\"jrbQGd\">\n<div>\n<div class=\"tB5Jxf-xl07Ob-XxIAqe-OWXEXe-oYxtQd\" data-is-menu-dynamic=\"true\">\n<div><span class=\"jCAhz ChMk0b\" style=\"font-size: 16px;\"><span class=\"ryNqvb\">\u00a0 \u00a0 \u00a0 \u00a0O Misturador Submers\u00edvel , um equipamento fundamental na tecnologia de tratamento de \u00e1gua, \u00e9 capaz de atender aos requisitos tecnol\u00f3gicos referentes \u00e0 homogeneidade de fluxos bif\u00e1sicos (s\u00f3lido-l\u00edquido) e trif\u00e1sicos (s\u00f3lido-l\u00edquido-g\u00e1s), bem como \u00e0 fluidez necess\u00e1ria aos processos bioqu\u00edmicos ao longo do fluxo de tratamento de \u00e1gua.<\/span><\/span><span class=\"jCAhz\" style=\"font-size: 16px;\"><span class=\"ryNqvb\">\u00a0 <\/span><\/span><\/div>\n<div><span class=\"jCAhz\" style=\"font-size: 16px;\"><span class=\"ryNqvb\">\u00a0 \u00a0 \u00a0 O equipamento \u00e9 composto por motor submers\u00edvel, h\u00e9lices, sistema de instala\u00e7\u00e3o, entre outros componentes.<\/span><\/span><span class=\"jCAhz\" style=\"font-size: 16px;\"><span class=\"ryNqvb\"> O misturador submers\u00edvel adota uma estrutura de conex\u00e3o direta.<\/span><\/span><\/div>\n<div><span class=\"jCAhz ChMk0b\" style=\"font-size: 16px;\"><span class=\"ryNqvb\">\u00a0 \u00a0 \u00a0 Em compara\u00e7\u00e3o com os tradicionais motores el\u00e9tricos de alta pot\u00eancia que utilizam redutores de velocidade, este modelo destaca-se por sua estrutura compacta, baixo consumo de energia, facilidade de manuten\u00e7\u00e3o e reparo, al\u00e9m de apresentar outras vantagens.<\/span><\/span><\/div>\n<div><span class=\"jCAhz ChMk0b\" style=\"font-size: 16px;\"><span class=\"ryNqvb\">\u00a0 \u00a0 \u00a0 As h\u00e9lices s\u00e3o fabricadas por meio de processos de fundi\u00e7\u00e3o de precis\u00e3o ou estampagem, resultando em alta precis\u00e3o dimensional, grande for\u00e7a de propuls\u00e3o e um perfil aerodin\u00e2mico de design simples e esteticamente agrad\u00e1vel.<\/span><\/span> <span class=\"jCAhz ChMk0b\" style=\"font-size: 16px;\"><span class=\"ryNqvb\">Esta linha de produtos \u00e9 adequada para aplica\u00e7\u00e3o em locais que exijam a agita\u00e7\u00e3o ou mistura de fases s\u00f3lido-l\u00edquido.<\/span><\/span><\/div>\n<\/div>\n<\/div>\n<\/div>\n<\/div>\n<\/div>\n<\/div>","protected":false},"featured_media":8898,"comment_status":"open","ping_status":"closed","template":"","meta":{"_seopress_robots_primary_cat":"none","_seopress_titles_title":"","_seopress_titles_desc":"","_seopress_robots_index":"","site-sidebar-layout":"default","site-content-layout":"","ast-site-content-layout":"default","site-content-style":"default","site-sidebar-style":"default","ast-global-header-display":"","ast-banner-title-visibility":"","ast-main-header-display":"","ast-hfb-above-header-display":"","ast-hfb-below-header-display":"","ast-hfb-mobile-header-display":"","site-post-title":"","ast-breadcrumbs-content":"","ast-featured-img":"","footer-sml-layout":"","theme-transparent-header-meta":"default","adv-header-id-meta":"","stick-header-meta":"default","header-above-stick-meta":"","header-main-stick-meta":"","header-below-stick-meta":"","astra-migrate-meta-layouts":"set","ast-page-background-enabled":"default","ast-page-background-meta":{"desktop":{"background-color":"var(--ast-global-color-4)","background-image":"","background-repeat":"repeat","background-position":"center center","background-size":"auto","background-attachment":"scroll","background-type":"","background-media":"","overlay-type":"","overlay-color":"","overlay-opacity":"","overlay-gradient":""},"tablet":{"background-color":"","background-image":"","background-repeat":"repeat","background-position":"center center","background-size":"auto","background-attachment":"scroll","background-type":"","background-media":"","overlay-type":"","overlay-color":"","overlay-opacity":"","overlay-gradient":""},"mobile":{"background-color":"","background-image":"","background-repeat":"repeat","background-position":"center center","background-size":"auto","background-attachment":"scroll","background-type":"","background-media":"","overlay-type":"","overlay-color":"","overlay-opacity":"","overlay-gradient":""}},"ast-content-background-meta":{"desktop":{"background-color":"var(--ast-global-color-5)","background-image":"","background-repeat":"repeat","background-position":"center center","background-size":"auto","background-attachment":"scroll","background-type":"","background-media":"","overlay-type":"","overlay-color":"","overlay-opacity":"","overlay-gradient":""},"tablet":{"background-color":"var(--ast-global-color-5)","background-image":"","background-repeat":"repeat","background-position":"center center","background-size":"auto","background-attachment":"scroll","background-type":"","background-media":"","overlay-type":"","overlay-color":"","overlay-opacity":"","overlay-gradient":""},"mobile":{"background-color":"var(--ast-global-color-5)","background-image":"","background-repeat":"repeat","background-position":"center center","background-size":"auto","background-attachment":"scroll","background-type":"","background-media":"","overlay-type":"","overlay-color":"","overlay-opacity":"","overlay-gradient":""}}},"product_brand":[],"product_cat":[103],"product_tag":[],"class_list":{"0":"post-8895","1":"product","2":"type-product","3":"status-publish","4":"has-post-thumbnail","6":"product_cat-mistura-e-agitacao","7":"desktop-align-center","8":"tablet-align-left","9":"mobile-align-left","10":"ast-product-gallery-layout-horizontal-slider","11":"ast-product-gallery-with-no-image","12":"ast-product-tabs-layout-horizontal","14":"first","15":"instock","16":"shipping-taxable","17":"product-type-simple"},"_links":{"self":[{"href":"https:\/\/www.chinastemp.com.br\/en\/wp-json\/wp\/v2\/product\/8895","targetHints":{"allow":["GET"]}}],"collection":[{"href":"https:\/\/www.chinastemp.com.br\/en\/wp-json\/wp\/v2\/product"}],"about":[{"href":"https:\/\/www.chinastemp.com.br\/en\/wp-json\/wp\/v2\/types\/product"}],"replies":[{"embeddable":true,"href":"https:\/\/www.chinastemp.com.br\/en\/wp-json\/wp\/v2\/comments?post=8895"}],"wp:featuredmedia":[{"embeddable":true,"href":"https:\/\/www.chinastemp.com.br\/en\/wp-json\/wp\/v2\/media\/8898"}],"wp:attachment":[{"href":"https:\/\/www.chinastemp.com.br\/en\/wp-json\/wp\/v2\/media?parent=8895"}],"wp:term":[{"taxonomy":"product_brand","embeddable":true,"href":"https:\/\/www.chinastemp.com.br\/en\/wp-json\/wp\/v2\/product_brand?post=8895"},{"taxonomy":"product_cat","embeddable":true,"href":"https:\/\/www.chinastemp.com.br\/en\/wp-json\/wp\/v2\/product_cat?post=8895"},{"taxonomy":"product_tag","embeddable":true,"href":"https:\/\/www.chinastemp.com.br\/en\/wp-json\/wp\/v2\/product_tag?post=8895"}],"curies":[{"name":"wp","href":"https:\/\/api.w.org\/{rel}","templated":true}]}}