{"id":8882,"date":"2026-03-13T05:34:40","date_gmt":"2026-03-13T05:34:40","guid":{"rendered":"https:\/\/www.chinastemp.com.br\/?post_type=product&#038;p=8882"},"modified":"2026-03-13T07:33:36","modified_gmt":"2026-03-13T07:33:36","slug":"misturador-granulador-intensivo-intensive-mixer","status":"publish","type":"product","link":"https:\/\/www.chinastemp.com.br\/en\/product\/misturador-granulador-intensivo-intensive-mixer\/","title":{"rendered":"Misturador\/Granulador Intensivo (Intensive Mixer)"},"content":{"rendered":"<p>O disco de mistura gira em alta velocidade. Simultaneamente, na posi\u00e7\u00e3o centr\u00edfuga, o rotor gira a uma velocidade ainda maior, gerando uma for\u00e7a de cisalhamento que cria uma diferen\u00e7a de velocidade, resultando em uma mistura e granula\u00e7\u00e3o fina e densa.<\/p>\n<p>O disco de mistura \u00e9 inclinado de 10 a 30\u00b0 em rela\u00e7\u00e3o \u00e0 horizontal. Sob o impulso ascendente, o material \u00e9 transportado para o topo da c\u00e2mara de mistura, onde \u00e9 revolvido pelas l\u00e2minas raspadoras, promovendo a mistura vertical. Simultaneamente, devido \u00e0 rota\u00e7\u00e3o do disco, o material \u00e9 impulsionado a uma certa velocidade em dire\u00e7\u00e3o ao rotor de alta velocidade na posi\u00e7\u00e3o centr\u00edfuga, participando ativamente da mistura e granula\u00e7\u00e3o.<\/p>\n<p>As l\u00e2minas do rotor t\u00eam formato de l\u00e2mina, permitindo uma mistura e granula\u00e7\u00e3o eficientes em um curto per\u00edodo de tempo. As l\u00e2minas raspadoras em forma de L removem continuamente o material restante no fundo e nas bordas do tanque, transportando-o para a \u00e1rea do rotor, facilitando a descarga r\u00e1pida do material ao final de um ciclo de trabalho.<\/p>","protected":false},"excerpt":{"rendered":"<p>A STEMP coopera com o fabricante Qingdao Nobel Machinery Co.,Ltd para fornecer o misturador intensivo e a solu\u00e7\u00e3o completa de mistura e granula\u00e7\u00e3o.<\/p>\n<p>O misturador inclinado intensivo utiliza tecnologia europeia consolidada e a combina com inova\u00e7\u00f5es de fabricantes chineses para criar a quarta gera\u00e7\u00e3o de tecnologia de mistura e homogeneiza\u00e7\u00e3o.<\/p>\n<p>Com um sistema de manuseio de materiais a granel, proporciona uma solu\u00e7\u00e3o de mistura altamente eficiente.<\/p>\n<p>Baseado nos princ\u00edpios de fluxo concorrente\/contracorrente e combinado com a din\u00e2mica de fluidos de mistura tridimensional, permite que os materiais alcancem resultados \u00f3timos de mistura e granula\u00e7\u00e3o em tempo curto.<\/p>\n<p>Al\u00e9m disso, tamb\u00e9m possu\u00edmos um granulador, que pode realizar tanto a mistura quanto a granula\u00e7\u00e3o em uma \u00fanica m\u00e1quina, produzindo os gr\u00e2nulos necess\u00e1rios de forma r\u00e1pida e eficiente no menor tempo poss\u00edvel.<\/p>","protected":false},"featured_media":8894,"comment_status":"closed","ping_status":"closed","template":"","meta":{"_seopress_robots_primary_cat":"none","_seopress_titles_title":"","_seopress_titles_desc":"","_seopress_robots_index":"","site-sidebar-layout":"default","site-content-layout":"","ast-site-content-layout":"default","site-content-style":"default","site-sidebar-style":"default","ast-global-header-display":"","ast-banner-title-visibility":"","ast-main-header-display":"","ast-hfb-above-header-display":"","ast-hfb-below-header-display":"","ast-hfb-mobile-header-display":"","site-post-title":"","ast-breadcrumbs-content":"","ast-featured-img":"","footer-sml-layout":"","theme-transparent-header-meta":"default","adv-header-id-meta":"","stick-header-meta":"default","header-above-stick-meta":"","header-main-stick-meta":"","header-below-stick-meta":"","astra-migrate-meta-layouts":"set","ast-page-background-enabled":"default","ast-page-background-meta":{"desktop":{"background-color":"var(--ast-global-color-4)","background-image":"","background-repeat":"repeat","background-position":"center center","background-size":"auto","background-attachment":"scroll","background-type":"","background-media":"","overlay-type":"","overlay-color":"","overlay-opacity":"","overlay-gradient":""},"tablet":{"background-color":"","background-image":"","background-repeat":"repeat","background-position":"center center","background-size":"auto","background-attachment":"scroll","background-type":"","background-media":"","overlay-type":"","overlay-color":"","overlay-opacity":"","overlay-gradient":""},"mobile":{"background-color":"","background-image":"","background-repeat":"repeat","background-position":"center center","background-size":"auto","background-attachment":"scroll","background-type":"","background-media":"","overlay-type":"","overlay-color":"","overlay-opacity":"","overlay-gradient":""}},"ast-content-background-meta":{"desktop":{"background-color":"var(--ast-global-color-5)","background-image":"","background-repeat":"repeat","background-position":"center center","background-size":"auto","background-attachment":"scroll","background-type":"","background-media":"","overlay-type":"","overlay-color":"","overlay-opacity":"","overlay-gradient":""},"tablet":{"background-color":"var(--ast-global-color-5)","background-image":"","background-repeat":"repeat","background-position":"center center","background-size":"auto","background-attachment":"scroll","background-type":"","background-media":"","overlay-type":"","overlay-color":"","overlay-opacity":"","overlay-gradient":""},"mobile":{"background-color":"var(--ast-global-color-5)","background-image":"","background-repeat":"repeat","background-position":"center center","background-size":"auto","background-attachment":"scroll","background-type":"","background-media":"","overlay-type":"","overlay-color":"","overlay-opacity":"","overlay-gradient":""}}},"product_brand":[],"product_cat":[103,87],"product_tag":[],"class_list":{"0":"post-8882","1":"product","2":"type-product","3":"status-publish","4":"has-post-thumbnail","6":"product_cat-mistura-e-agitacao","7":"product_cat-processo","8":"desktop-align-center","9":"tablet-align-left","10":"mobile-align-left","11":"ast-product-gallery-layout-horizontal-slider","12":"ast-product-tabs-layout-horizontal","14":"first","15":"instock","16":"featured","17":"shipping-taxable","18":"product-type-simple"},"_links":{"self":[{"href":"https:\/\/www.chinastemp.com.br\/en\/wp-json\/wp\/v2\/product\/8882","targetHints":{"allow":["GET"]}}],"collection":[{"href":"https:\/\/www.chinastemp.com.br\/en\/wp-json\/wp\/v2\/product"}],"about":[{"href":"https:\/\/www.chinastemp.com.br\/en\/wp-json\/wp\/v2\/types\/product"}],"replies":[{"embeddable":true,"href":"https:\/\/www.chinastemp.com.br\/en\/wp-json\/wp\/v2\/comments?post=8882"}],"wp:featuredmedia":[{"embeddable":true,"href":"https:\/\/www.chinastemp.com.br\/en\/wp-json\/wp\/v2\/media\/8894"}],"wp:attachment":[{"href":"https:\/\/www.chinastemp.com.br\/en\/wp-json\/wp\/v2\/media?parent=8882"}],"wp:term":[{"taxonomy":"product_brand","embeddable":true,"href":"https:\/\/www.chinastemp.com.br\/en\/wp-json\/wp\/v2\/product_brand?post=8882"},{"taxonomy":"product_cat","embeddable":true,"href":"https:\/\/www.chinastemp.com.br\/en\/wp-json\/wp\/v2\/product_cat?post=8882"},{"taxonomy":"product_tag","embeddable":true,"href":"https:\/\/www.chinastemp.com.br\/en\/wp-json\/wp\/v2\/product_tag?post=8882"}],"curies":[{"name":"wp","href":"https:\/\/api.w.org\/{rel}","templated":true}]}}