{"id":8877,"date":"2026-03-10T02:52:19","date_gmt":"2026-03-10T02:52:19","guid":{"rendered":"https:\/\/www.chinastemp.com.br\/?post_type=product&#038;p=8877"},"modified":"2026-03-10T02:56:13","modified_gmt":"2026-03-10T02:56:13","slug":"moinho-de-bolas","status":"publish","type":"product","link":"https:\/\/www.chinastemp.com.br\/en\/product\/moinho-de-bolas\/","title":{"rendered":"Moinho de Bolas"},"content":{"rendered":"<p>Os moinhos de bolas podem ser configurados para atender \u00e0s demandas do projeto com as seguintes caracter\u00edsticas de design:<\/p>\n<p>M\u00e9todo de suporte: Suporte em munh\u00e3o ou suporte em casco<\/p>\n<p>Transmiss\u00e3o: Alta velocidade com redutor, baixa velocidade com acoplamento direto ou sem engrenagens (motor envolvente). As solu\u00e7\u00f5es com engrenagens podem ser de pinh\u00e3o simples ou duplo.<\/p>\n<p>Mancais principais: Hidrost\u00e1ticos ou hidrodin\u00e2micos. Bucha ou multi-pastilhas (autoalinhantes).<\/p>\n<p>Acess\u00f3rios para moinhos de bolas Aumente a vida \u00fatil e a efici\u00eancia com revestimentos e pe\u00e7as de desgaste avan\u00e7ados.<\/p>\n<p>Otimizar a carga do moinho com nosso sensor especialmente desenvolvido.<\/p>\n<p>Melhorar a efici\u00eancia da moagem com nosso sistema avan\u00e7ado de controle de processo.<\/p>","protected":false},"excerpt":{"rendered":"<p>Fabricante cooperativo da STEMP: Shandong Longteng Mining Equipment Co.,Ltd, um fabricante que se especializado na fabrica\u00e7\u00e3o dos moinhos de bolas.<\/p>\n<p>Comparando com os fabricantes de reputa\u00e7\u00e3o internacional, temos o foco nos moinhos de bolas de m\u00e9dio tamanho e uma vantagem de qualidade elevada e custo-benef\u00edcio.<\/p>\n<p>Nossos moinhos de bolas s\u00e3o adequados para todos os tipos de min\u00e9rios. Podem ser usados \u200b\u200bpara min\u00e9rios mais macios, como calc\u00e1rio, e para rochas duras, como min\u00e9rio de cobre e ouro. Os moinhos de bolas podem ser utilizados como etapa prim\u00e1ria de moagem (ap\u00f3s a pr\u00e9-britagem) ou implementados para aplica\u00e7\u00f5es de remoagem.<\/p>\n<p>Al\u00e9m da descri\u00e7\u00e3o acima, que se refere principalmente \u00e0 moagem \u00famida, os moinhos de bolas tamb\u00e9m s\u00e3o usados \u200b\u200bem aplica\u00e7\u00f5es de moagem a seco. O moinho de bolas pode ser combinado com c\u00e2maras de secagem e geradores de g\u00e1s quente para secar o material at\u00e9 o teor de umidade necess\u00e1rio para o processamento subsequente.<\/p>","protected":false},"featured_media":8880,"comment_status":"closed","ping_status":"closed","template":"","meta":{"_seopress_robots_primary_cat":"","_seopress_titles_title":"","_seopress_titles_desc":"","_seopress_robots_index":"","site-sidebar-layout":"default","site-content-layout":"","ast-site-content-layout":"default","site-content-style":"default","site-sidebar-style":"default","ast-global-header-display":"","ast-banner-title-visibility":"","ast-main-header-display":"","ast-hfb-above-header-display":"","ast-hfb-below-header-display":"","ast-hfb-mobile-header-display":"","site-post-title":"","ast-breadcrumbs-content":"","ast-featured-img":"","footer-sml-layout":"","theme-transparent-header-meta":"default","adv-header-id-meta":"","stick-header-meta":"default","header-above-stick-meta":"","header-main-stick-meta":"","header-below-stick-meta":"","astra-migrate-meta-layouts":"set","ast-page-background-enabled":"default","ast-page-background-meta":{"desktop":{"background-color":"var(--ast-global-color-4)","background-image":"","background-repeat":"repeat","background-position":"center center","background-size":"auto","background-attachment":"scroll","background-type":"","background-media":"","overlay-type":"","overlay-color":"","overlay-opacity":"","overlay-gradient":""},"tablet":{"background-color":"","background-image":"","background-repeat":"repeat","background-position":"center center","background-size":"auto","background-attachment":"scroll","background-type":"","background-media":"","overlay-type":"","overlay-color":"","overlay-opacity":"","overlay-gradient":""},"mobile":{"background-color":"","background-image":"","background-repeat":"repeat","background-position":"center center","background-size":"auto","background-attachment":"scroll","background-type":"","background-media":"","overlay-type":"","overlay-color":"","overlay-opacity":"","overlay-gradient":""}},"ast-content-background-meta":{"desktop":{"background-color":"var(--ast-global-color-5)","background-image":"","background-repeat":"repeat","background-position":"center center","background-size":"auto","background-attachment":"scroll","background-type":"","background-media":"","overlay-type":"","overlay-color":"","overlay-opacity":"","overlay-gradient":""},"tablet":{"background-color":"var(--ast-global-color-5)","background-image":"","background-repeat":"repeat","background-position":"center center","background-size":"auto","background-attachment":"scroll","background-type":"","background-media":"","overlay-type":"","overlay-color":"","overlay-opacity":"","overlay-gradient":""},"mobile":{"background-color":"var(--ast-global-color-5)","background-image":"","background-repeat":"repeat","background-position":"center center","background-size":"auto","background-attachment":"scroll","background-type":"","background-media":"","overlay-type":"","overlay-color":"","overlay-opacity":"","overlay-gradient":""}}},"product_brand":[],"product_cat":[88],"product_tag":[],"class_list":{"0":"post-8877","1":"product","2":"type-product","3":"status-publish","4":"has-post-thumbnail","6":"product_cat-britagem-e-moagem","7":"desktop-align-center","8":"tablet-align-left","9":"mobile-align-left","10":"ast-product-gallery-layout-horizontal-slider","11":"ast-product-gallery-with-no-image","12":"ast-product-tabs-layout-horizontal","14":"first","15":"instock","16":"featured","17":"shipping-taxable","18":"product-type-simple"},"_links":{"self":[{"href":"https:\/\/www.chinastemp.com.br\/en\/wp-json\/wp\/v2\/product\/8877","targetHints":{"allow":["GET"]}}],"collection":[{"href":"https:\/\/www.chinastemp.com.br\/en\/wp-json\/wp\/v2\/product"}],"about":[{"href":"https:\/\/www.chinastemp.com.br\/en\/wp-json\/wp\/v2\/types\/product"}],"replies":[{"embeddable":true,"href":"https:\/\/www.chinastemp.com.br\/en\/wp-json\/wp\/v2\/comments?post=8877"}],"wp:featuredmedia":[{"embeddable":true,"href":"https:\/\/www.chinastemp.com.br\/en\/wp-json\/wp\/v2\/media\/8880"}],"wp:attachment":[{"href":"https:\/\/www.chinastemp.com.br\/en\/wp-json\/wp\/v2\/media?parent=8877"}],"wp:term":[{"taxonomy":"product_brand","embeddable":true,"href":"https:\/\/www.chinastemp.com.br\/en\/wp-json\/wp\/v2\/product_brand?post=8877"},{"taxonomy":"product_cat","embeddable":true,"href":"https:\/\/www.chinastemp.com.br\/en\/wp-json\/wp\/v2\/product_cat?post=8877"},{"taxonomy":"product_tag","embeddable":true,"href":"https:\/\/www.chinastemp.com.br\/en\/wp-json\/wp\/v2\/product_tag?post=8877"}],"curies":[{"name":"wp","href":"https:\/\/api.w.org\/{rel}","templated":true}]}}