{"id":8847,"date":"2026-01-30T08:09:43","date_gmt":"2026-01-30T08:09:43","guid":{"rendered":"https:\/\/www.chinastemp.com.br\/?post_type=product&#038;p=8847"},"modified":"2026-03-13T07:36:10","modified_gmt":"2026-03-13T07:36:10","slug":"carro-distribuidor-de-panelas-da-maquina-do-lingotamento-continuo","status":"publish","type":"product","link":"https:\/\/www.chinastemp.com.br\/en\/product\/carro-distribuidor-de-panelas-da-maquina-do-lingotamento-continuo\/","title":{"rendered":"Carro Distribuidor de Panelas da M\u00e1quina do Lingotamento Cont\u00ednuo"},"content":{"rendered":"<p>O carro de distribui\u00e7\u00e3o \u00e9 utilizado para transportar a panela de distribui\u00e7\u00e3o da posi\u00e7\u00e3o de prepara\u00e7\u00e3o para a posi\u00e7\u00e3o de vazamento, e para garantir que a entrada de \u00e1gua da panela no molde seja precisamente alinhada com o canal de vazamento, utilizando o movimento lateral e o dispositivo de eleva\u00e7\u00e3o e abaixamento.<\/p>\n<p>Quando o vazamento \u00e9 finalizado ou ocorre um acidente que impossibilita o vazamento, o carro de distribui\u00e7\u00e3o pode retornar rapidamente \u00e0 posi\u00e7\u00e3o de prepara\u00e7\u00e3o (ou posi\u00e7\u00e3o de acidente) para troca de tanque ou resolu\u00e7\u00e3o do problema.<\/p>\n<p>Para garantir a fundi\u00e7\u00e3o cont\u00ednua em m\u00faltiplos fornos, cada m\u00e1quina de lingotamento cont\u00ednua deve ser equipada com dois carros de distribui\u00e7\u00e3o, e a linha central da m\u00e1quina de fundi\u00e7\u00e3o cont\u00ednua deve ser disposta simetricamente.<\/p>\n<p>Um carro \u00e9 utilizado para o vazamento em linha, enquanto o outro \u00e9 utilizado para a secagem e outros trabalhos preparat\u00f3rios. As panelas de distribui\u00e7\u00e3o s\u00e3o transportadas entre o local de vazamento e a esta\u00e7\u00e3o de secagem.<\/p>","protected":false},"excerpt":{"rendered":"<p>O carro de distribui\u00e7\u00e3o \u00e9 utilizado para transportar a panela de distribui\u00e7\u00e3o da posi\u00e7\u00e3o de prepara\u00e7\u00e3o para a posi\u00e7\u00e3o de vazamento, e para garantir que a entrada de \u00e1gua da panela no molde seja precisamente alinhada com o canal de vazamento, utilizando o movimento lateral e o dispositivo de eleva\u00e7\u00e3o e abaixamento.<\/p>\n<p>Quando o vazamento \u00e9 finalizado ou ocorre um acidente que impossibilita o vazamento, o carro de distribui\u00e7\u00e3o pode retornar rapidamente \u00e0 posi\u00e7\u00e3o de prepara\u00e7\u00e3o (ou posi\u00e7\u00e3o de acidente) para troca de tanque ou resolu\u00e7\u00e3o do problema.<\/p>\n<p>Para garantir a fundi\u00e7\u00e3o cont\u00ednua em m\u00faltiplos fornos, cada m\u00e1quina de lingotamento cont\u00ednua deve ser equipada com dois carros de distribui\u00e7\u00e3o, e a linha central da m\u00e1quina de fundi\u00e7\u00e3o cont\u00ednua deve ser disposta simetricamente.<\/p>\n<p>Um carro \u00e9 utilizado para o vazamento em linha, enquanto o outro \u00e9 utilizado para a secagem e outros trabalhos preparat\u00f3rios. As panelas de distribui\u00e7\u00e3o s\u00e3o transportadas entre o local de vazamento e a esta\u00e7\u00e3o de secagem.<\/p>","protected":false},"featured_media":8850,"comment_status":"open","ping_status":"closed","template":"","meta":{"_seopress_robots_primary_cat":"","_seopress_titles_title":"","_seopress_titles_desc":"","_seopress_robots_index":"","site-sidebar-layout":"default","site-content-layout":"","ast-site-content-layout":"default","site-content-style":"default","site-sidebar-style":"default","ast-global-header-display":"","ast-banner-title-visibility":"","ast-main-header-display":"","ast-hfb-above-header-display":"","ast-hfb-below-header-display":"","ast-hfb-mobile-header-display":"","site-post-title":"","ast-breadcrumbs-content":"","ast-featured-img":"","footer-sml-layout":"","theme-transparent-header-meta":"default","adv-header-id-meta":"","stick-header-meta":"default","header-above-stick-meta":"","header-main-stick-meta":"","header-below-stick-meta":"","astra-migrate-meta-layouts":"set","ast-page-background-enabled":"default","ast-page-background-meta":{"desktop":{"background-color":"var(--ast-global-color-4)","background-image":"","background-repeat":"repeat","background-position":"center center","background-size":"auto","background-attachment":"scroll","background-type":"","background-media":"","overlay-type":"","overlay-color":"","overlay-opacity":"","overlay-gradient":""},"tablet":{"background-color":"","background-image":"","background-repeat":"repeat","background-position":"center center","background-size":"auto","background-attachment":"scroll","background-type":"","background-media":"","overlay-type":"","overlay-color":"","overlay-opacity":"","overlay-gradient":""},"mobile":{"background-color":"","background-image":"","background-repeat":"repeat","background-position":"center center","background-size":"auto","background-attachment":"scroll","background-type":"","background-media":"","overlay-type":"","overlay-color":"","overlay-opacity":"","overlay-gradient":""}},"ast-content-background-meta":{"desktop":{"background-color":"var(--ast-global-color-5)","background-image":"","background-repeat":"repeat","background-position":"center center","background-size":"auto","background-attachment":"scroll","background-type":"","background-media":"","overlay-type":"","overlay-color":"","overlay-opacity":"","overlay-gradient":""},"tablet":{"background-color":"var(--ast-global-color-5)","background-image":"","background-repeat":"repeat","background-position":"center center","background-size":"auto","background-attachment":"scroll","background-type":"","background-media":"","overlay-type":"","overlay-color":"","overlay-opacity":"","overlay-gradient":""},"mobile":{"background-color":"var(--ast-global-color-5)","background-image":"","background-repeat":"repeat","background-position":"center center","background-size":"auto","background-attachment":"scroll","background-type":"","background-media":"","overlay-type":"","overlay-color":"","overlay-opacity":"","overlay-gradient":""}}},"product_brand":[],"product_cat":[98,86],"product_tag":[],"class_list":{"0":"post-8847","1":"product","2":"type-product","3":"status-publish","4":"has-post-thumbnail","6":"product_cat-fundicao-e-conformacao","7":"product_cat-metalurgia","8":"desktop-align-center","9":"tablet-align-left","10":"mobile-align-left","11":"ast-product-gallery-layout-horizontal-slider","12":"ast-product-gallery-with-no-image","13":"ast-product-tabs-layout-horizontal","15":"first","16":"instock","17":"featured","18":"shipping-taxable","19":"product-type-simple"},"_links":{"self":[{"href":"https:\/\/www.chinastemp.com.br\/en\/wp-json\/wp\/v2\/product\/8847","targetHints":{"allow":["GET"]}}],"collection":[{"href":"https:\/\/www.chinastemp.com.br\/en\/wp-json\/wp\/v2\/product"}],"about":[{"href":"https:\/\/www.chinastemp.com.br\/en\/wp-json\/wp\/v2\/types\/product"}],"replies":[{"embeddable":true,"href":"https:\/\/www.chinastemp.com.br\/en\/wp-json\/wp\/v2\/comments?post=8847"}],"wp:featuredmedia":[{"embeddable":true,"href":"https:\/\/www.chinastemp.com.br\/en\/wp-json\/wp\/v2\/media\/8850"}],"wp:attachment":[{"href":"https:\/\/www.chinastemp.com.br\/en\/wp-json\/wp\/v2\/media?parent=8847"}],"wp:term":[{"taxonomy":"product_brand","embeddable":true,"href":"https:\/\/www.chinastemp.com.br\/en\/wp-json\/wp\/v2\/product_brand?post=8847"},{"taxonomy":"product_cat","embeddable":true,"href":"https:\/\/www.chinastemp.com.br\/en\/wp-json\/wp\/v2\/product_cat?post=8847"},{"taxonomy":"product_tag","embeddable":true,"href":"https:\/\/www.chinastemp.com.br\/en\/wp-json\/wp\/v2\/product_tag?post=8847"}],"curies":[{"name":"wp","href":"https:\/\/api.w.org\/{rel}","templated":true}]}}