{"id":8841,"date":"2026-01-30T07:27:12","date_gmt":"2026-01-30T07:27:12","guid":{"rendered":"https:\/\/www.chinastemp.com.br\/?post_type=product&#038;p=8841"},"modified":"2026-03-13T07:35:46","modified_gmt":"2026-03-13T07:35:46","slug":"torre-giratoria-da-panela-para-maquina-de-lingotamento-continuo","status":"publish","type":"product","link":"https:\/\/www.chinastemp.com.br\/en\/product\/torre-giratoria-da-panela-para-maquina-de-lingotamento-continuo\/","title":{"rendered":"Torre Girat\u00f3ria da Panela para M\u00e1quina de Lingotamento Cont\u00ednuo"},"content":{"rendered":"<p>Torre Girat\u00f3ria<br \/>\nA principal fun\u00e7\u00e3o da torre girat\u00f3ria de panela \u00e9 transferir a panela da m\u00e1quina de lingotamento cont\u00ednuo.<\/p>\n<p>Ap\u00f3s o a\u00e7o ser descarregado do forno de aciaria, a panela \u00e9 i\u00e7ada at\u00e9 uma das extremidades da &#8220;posi\u00e7\u00e3o de recebimento da panela&#8221; da mesa rotativa pelo carrinho. A panela \u00e9 ent\u00e3o transferida para a &#8220;posi\u00e7\u00e3o de vazamento&#8221; atrav\u00e9s do acionamento rotativo, e o a\u00e7o fundido \u00e9 injetado no cristalizador atrav\u00e9s da panela de distribui\u00e7\u00e3o para o vazamento.<\/p>","protected":false},"excerpt":{"rendered":"<p>Torre Girat\u00f3ria<br \/>\nA principal fun\u00e7\u00e3o da torre girat\u00f3ria de panela \u00e9 transferir a panela da m\u00e1quina de lingotamento cont\u00ednuo.<\/p>\n<p>Ap\u00f3s o a\u00e7o ser descarregado do forno de aciaria, a panela \u00e9 i\u00e7ada at\u00e9 uma das extremidades da &#8220;posi\u00e7\u00e3o de recebimento da panela&#8221; da mesa rotativa pelo carrinho. A panela \u00e9 ent\u00e3o transferida para a &#8220;posi\u00e7\u00e3o de vazamento&#8221; atrav\u00e9s do acionamento rotativo, e o a\u00e7o fundido \u00e9 injetado no cristalizador atrav\u00e9s da panela de distribui\u00e7\u00e3o para o vazamento.<\/p>","protected":false},"featured_media":8844,"comment_status":"open","ping_status":"closed","template":"","meta":{"_seopress_robots_primary_cat":"none","_seopress_titles_title":"","_seopress_titles_desc":"","_seopress_robots_index":"","site-sidebar-layout":"default","site-content-layout":"","ast-site-content-layout":"default","site-content-style":"default","site-sidebar-style":"default","ast-global-header-display":"","ast-banner-title-visibility":"","ast-main-header-display":"","ast-hfb-above-header-display":"","ast-hfb-below-header-display":"","ast-hfb-mobile-header-display":"","site-post-title":"","ast-breadcrumbs-content":"","ast-featured-img":"","footer-sml-layout":"","theme-transparent-header-meta":"default","adv-header-id-meta":"","stick-header-meta":"default","header-above-stick-meta":"","header-main-stick-meta":"","header-below-stick-meta":"","astra-migrate-meta-layouts":"set","ast-page-background-enabled":"default","ast-page-background-meta":{"desktop":{"background-color":"var(--ast-global-color-4)","background-image":"","background-repeat":"repeat","background-position":"center center","background-size":"auto","background-attachment":"scroll","background-type":"","background-media":"","overlay-type":"","overlay-color":"","overlay-opacity":"","overlay-gradient":""},"tablet":{"background-color":"","background-image":"","background-repeat":"repeat","background-position":"center center","background-size":"auto","background-attachment":"scroll","background-type":"","background-media":"","overlay-type":"","overlay-color":"","overlay-opacity":"","overlay-gradient":""},"mobile":{"background-color":"","background-image":"","background-repeat":"repeat","background-position":"center center","background-size":"auto","background-attachment":"scroll","background-type":"","background-media":"","overlay-type":"","overlay-color":"","overlay-opacity":"","overlay-gradient":""}},"ast-content-background-meta":{"desktop":{"background-color":"var(--ast-global-color-5)","background-image":"","background-repeat":"repeat","background-position":"center center","background-size":"auto","background-attachment":"scroll","background-type":"","background-media":"","overlay-type":"","overlay-color":"","overlay-opacity":"","overlay-gradient":""},"tablet":{"background-color":"var(--ast-global-color-5)","background-image":"","background-repeat":"repeat","background-position":"center center","background-size":"auto","background-attachment":"scroll","background-type":"","background-media":"","overlay-type":"","overlay-color":"","overlay-opacity":"","overlay-gradient":""},"mobile":{"background-color":"var(--ast-global-color-5)","background-image":"","background-repeat":"repeat","background-position":"center center","background-size":"auto","background-attachment":"scroll","background-type":"","background-media":"","overlay-type":"","overlay-color":"","overlay-opacity":"","overlay-gradient":""}}},"product_brand":[],"product_cat":[98,86],"product_tag":[],"class_list":{"0":"post-8841","1":"product","2":"type-product","3":"status-publish","4":"has-post-thumbnail","6":"product_cat-fundicao-e-conformacao","7":"product_cat-metalurgia","8":"desktop-align-center","9":"tablet-align-left","10":"mobile-align-left","11":"ast-product-gallery-layout-horizontal-slider","12":"ast-product-gallery-with-no-image","13":"ast-product-tabs-layout-horizontal","15":"first","16":"instock","17":"featured","18":"shipping-taxable","19":"product-type-simple"},"_links":{"self":[{"href":"https:\/\/www.chinastemp.com.br\/en\/wp-json\/wp\/v2\/product\/8841","targetHints":{"allow":["GET"]}}],"collection":[{"href":"https:\/\/www.chinastemp.com.br\/en\/wp-json\/wp\/v2\/product"}],"about":[{"href":"https:\/\/www.chinastemp.com.br\/en\/wp-json\/wp\/v2\/types\/product"}],"replies":[{"embeddable":true,"href":"https:\/\/www.chinastemp.com.br\/en\/wp-json\/wp\/v2\/comments?post=8841"}],"wp:featuredmedia":[{"embeddable":true,"href":"https:\/\/www.chinastemp.com.br\/en\/wp-json\/wp\/v2\/media\/8844"}],"wp:attachment":[{"href":"https:\/\/www.chinastemp.com.br\/en\/wp-json\/wp\/v2\/media?parent=8841"}],"wp:term":[{"taxonomy":"product_brand","embeddable":true,"href":"https:\/\/www.chinastemp.com.br\/en\/wp-json\/wp\/v2\/product_brand?post=8841"},{"taxonomy":"product_cat","embeddable":true,"href":"https:\/\/www.chinastemp.com.br\/en\/wp-json\/wp\/v2\/product_cat?post=8841"},{"taxonomy":"product_tag","embeddable":true,"href":"https:\/\/www.chinastemp.com.br\/en\/wp-json\/wp\/v2\/product_tag?post=8841"}],"curies":[{"name":"wp","href":"https:\/\/api.w.org\/{rel}","templated":true}]}}