{"id":8827,"date":"2026-01-29T09:23:34","date_gmt":"2026-01-29T09:23:34","guid":{"rendered":"https:\/\/www.chinastemp.com.br\/?post_type=product&#038;p=8827"},"modified":"2026-03-27T06:12:30","modified_gmt":"2026-03-27T06:12:30","slug":"sistema-de-lingotamento-de-ferro-fundido-lingotador","status":"publish","type":"product","link":"https:\/\/www.chinastemp.com.br\/en\/product\/sistema-de-lingotamento-de-ferro-fundido-lingotador\/","title":{"rendered":"Sistema de Lingotamento de Ferro Fundido (Lingotador)"},"content":{"rendered":"<ol>\n<li>Estrutura met\u00e1lica do lingotador: \u00c9 composto por base da roda de acionamento e de coluna de apoio. Fabricada e soldadas por vigas de a\u00e7o Q235B em forma de H.<\/li>\n<\/ol>\n<p>2. Dispositivo de acionamento e transmiss\u00e3o: consiste em roda motriz, roda acionada e dispositivo de transmiss\u00e3o.<\/p>\n<p>2. 1 Roda motriz e roda acionada<\/p>\n<p>As rodas dentadas motrizes e acionadas s\u00e3o feitas de a\u00e7o fundido (ZG310-570). A superf\u00edcie dos dentes da roda motriz \u00e9 temperada a HRC50-58, e a acionada \u00e9 temperada a HB163-197.<\/p>\n<p>Os dentes da\u00a0\u00a0roda de acionamento s\u00e3o usinados simultaneamente ap\u00f3s a montagem, resultando em alta precis\u00e3o dos dentes.Os eixos das rodas s\u00e3o de a\u00e7o 40 Cr.<\/p>\n<p>Tanto a roda motriz quanto a rode acionada utilizam mancais (rolamentos) autocompensadores de rolos esf\u00e9ricos de dupla carreira, capazes de suportar cargas radiais e axiais em qualquer dire\u00e7\u00e3o. Durante a instala\u00e7\u00e3o, \u00e9 permitida uma inclina\u00e7\u00e3o inferior a 2\u00b0 a 3\u00b0 em rela\u00e7\u00e3o ao eixo central.<\/p>\n<p>A caixa do rolamento possui uma base r\u00edgida, o que facilita a instala\u00e7\u00e3o e o ajuste.<\/p>\n<p>O acoplamento do eixo de transmiss\u00e3o adota um acoplamento do tipo CL, que permite um desvio do eixo de \u2264 (30\u2032). A roda de acionamento est\u00e1 equipada com um dispositivo de tensionamento especial, que \u00e9 conectado a um assento de rolamento deslizante por meio de um fuso de esferas. Isso permite que o assento do rolamento se mova sobre o trilho deslizante para ajustar a posi\u00e7\u00e3o do centro da roda motriz, atingindo assim o objetivo de ajustar a tens\u00e3o da corrente.<\/p>\n<p>O conjunto da roda motriz \u00e9 composto pela roda motriz, eixo de transmiss\u00e3o, conjunto de rolamentos e estrutura de suporte dos rolamentos.<\/p>\n<p>O conjunto da roda acionada \u00e9 composto principalmente pela roda , eixo de transmiss\u00e3o, conjunto de rolamentos, estrutura de suporte da caixa de rolamentos e dispositivo de tensionamento.<\/p>\n<p>2.2\u00a0 \u00a0Dispositivo de transmiss\u00e3o<\/p>\n<p>O dispositivo de transmiss\u00e3o \u00e9 o centro de pot\u00eancia do lingotador, conectado ao eixo de acionamento. A pot\u00eancia \u00e9 transmitida por \u00a0motor el\u00e9trico e, ap\u00f3s ter sua velocidade reduzida por um redutor, \u00e9 transmitida ao eixo de acionamento para movimentar correntes. O motor \u00e9 \u00a0de velocidade vari\u00e1vel (tipo \u00famido) e a velocidade dos correntes \u00e9 ajustada continuamente pelo conversor de frequ\u00eancia. O motor e o redutor s\u00e3o conectados por um acoplamento flex\u00edvel tipo pino LX, feito de a\u00e7o (45). O redutor e o eixo da roda de acionamento s\u00e3o conectados por um acoplamento tipo engrenagem CL, feito de a\u00e7o forjado (45). A base do motor e do redutor \u00e9 feita de a\u00e7o Q235B.<\/p>\n<p>&nbsp;<\/p>\n<p>3. Lingoteira (molde de lingote)<\/p>\n<p>As lingoteiras s\u00e3o alimentadas do ferro fundido em forma de \u00a0transbordamento. Uma lingoteira tem quatro blocos e cada bloco contem um lingote. O peso de cada lingote n\u00e3o ultrapassa 7 quilos. Cada mlingoteira possui um design especial de sobreposi\u00e7\u00e3o, permitindo que o ferro fundido flua para a lingoteira seguinte ap\u00f3s o preenchimento do anterior. Os moldes de ferro fundido s\u00e3o feitos de a\u00e7o fundido de baixo carbono.<\/p>\n<p>4. Correntes<br \/>\nAs correntes s\u00e3o a parte principal do lingotador e serve como suporte para as lingoteiras. As correntes consistem principalmente em placas de corrente, buchas resistentes ao desgaste, eixo de acionamento e eixo longo. As placas de corrente t\u00eam um passo de 600 mm, uma espessura de 150 mm e uma largura de 78 mm. Os furos de conex\u00e3o das placas de corrente s\u00e3o usinados simultaneamente e s\u00e3o usados uma mandriladora de dois eixos, garantindo alta precis\u00e3o dimensional. As buchas resistentes ao desgaste s\u00e3o feitas de a\u00e7o GCr15 e o corpo do eixo de acionamento \u00e9 feito de a\u00e7o temperado 45. O eixo longo \u00e9 feito de tubo de a\u00e7o sem costura 32&#215;6.<\/p>\n<p>5.\u00a0Roletes<\/p>\n<p>Os roletes suportam as correntes, e as ranhuras nas laterais externas dos roletes impedem que a corrente deslize. Cada rolete cont\u00e9m mancais duplos para reduzir a resist\u00eancia da corrente e garantir uma opera\u00e7\u00e3o suave. Os roletes s\u00e3o feitos de a\u00e7o forjado 45, com eixos de a\u00e7o 45, di\u00e2metro da ranhura de \u03c6180 mm e largura de 90 mm. Os roletes s\u00e3o equipados com copos de lubrifica\u00e7\u00e3o e tampas de prote\u00e7\u00e3o contra poeira para evitar a entrada de detritos.<\/p>\n<p>A base longa dos roletes \u00e9 usada para montar os trilhos de suporte dos roletes, com duas fileiras de cada lado de cada corrente. Esses trilhos s\u00e3o feitos de a\u00e7o HW200X200x8x12 e possuem furos para parafusos na parte superior para conex\u00e3o aos roletes.<\/p>\n<p>6 Calha de descarga de lingotes<\/p>\n<p>A estrutura externa da calha para lingotes \u00e9 soldada \u00a0de chapa de a\u00e7o Q235B, e a parte inferior deslizante \u00e9 revestida com chapa de a\u00e7o resistente ao desgaste, o que permite guiar os lingotes at\u00e9 a posi\u00e7\u00e3o designada.<\/p>\n<p>7 Dispositivo de spray de polpa de cal<\/p>\n<p>O dispositivo de spray de polpa de cal consiste em um misturador de argamassa e um sistema de proje\u00e7\u00e3o de polpa. O misturador de argamassa, tamb\u00e9m conhecido como betoneira, \u00e9 respons\u00e1vel por misturar uma argamassa homog\u00eanea e adequada para uso.<\/p>\n<p>O sistema de proje\u00e7\u00e3o utiliza um pulverizador para injetar cal (ou lama de celulose) na cavidade das lingoteiras vazias depois que os lingotes se descargam das lingoteiras e no processo de retorno ao ponto in\u00edcio. Assim, isto ajuda a separa\u00e7\u00e3o dos lingotes e as lingoteiras na pr\u00f3xima rota. Consumo de cal: 1,5 kg\/t. Consumo de \u00e1gua: 0,05 m\u00b3\/t de ferro fundido.<u>\u00a0<\/u><\/p>\n<p>8 Dispositivo de spra de \u00e1gua de resfriamento<\/p>\n<p>O sistema de resfriamento por aspers\u00e3o \u00e9 utilizado para pulverizar \u00e1gua na superf\u00edcie dos blocos de ferro e moldes de ferro fundido, reduzindo o tempo de solidifica\u00e7\u00e3o. O sistema de resfriamento por aspers\u00e3o consiste principalmente em uma bomba de refor\u00e7o, um sistema de tubula\u00e7\u00e3o de abastecimento de \u00e1gua, se\u00e7\u00f5es de resfriamento, conex\u00f5es de tubula\u00e7\u00e3o e v\u00e1lvulas el\u00e9tricas. O lingotador \u00e9 equipado com quatro se\u00e7\u00f5es de resfriamento. Consumo de \u00e1gua de circula\u00e7\u00e3o para resfriamento: Vaz\u00e3o de 5 m\u00b3\/h, press\u00e3o de 0,4 MPa.<\/p>\n<p>9 Sistema de Lubrifica\u00e7\u00e3o:<\/p>\n<p>Os mancais das rodas principais e motrizes, rolamentos e outras pe\u00e7as que requerem lubrifica\u00e7\u00e3o s\u00e3o equipados com copos ou orif\u00edcios de inje\u00e7\u00e3o de \u00f3leo, e a lubrifica\u00e7\u00e3o \u00e9 feita manualmente. O sistema de corrente e correia utiliza lubrifica\u00e7\u00e3o por gotejamento por gravidade. Cada tubo de deriva\u00e7\u00e3o da corrente \u00e9 equipado com uma v\u00e1lvula, e o tubo principal possui uma v\u00e1lvula principal. O \u00f3leo de motor usado pode ser reutilizado ap\u00f3s a decanta\u00e7\u00e3o. N\u00e3o havendo requisitos especiais quanto \u00e0 qualidade do \u00f3leo.<\/p>","protected":false},"excerpt":{"rendered":"<p>O lingotador (sistema de lingotamento) \u00e9 um equipamento metal\u00fargico especializado usado para a fundi\u00e7\u00e3o cont\u00ednua de lingotes de ferro-gusa, aplicado principalmente nos processos subsequentes de altos-fornos ou fornos de produ\u00e7\u00e3o de ferro.<\/p>\n<p>Sua fun\u00e7\u00e3o principal \u00e9 injetar ferro fundido em uma corrente de moldes (lingoteiras) com movimento uniforme. O resfriamento natural por ar ou por aspers\u00e3o permite que o ferro fundido solidifique rapidamente e forme o bloco. Finalmente, um mecanismo de invers\u00e3o na extremidade da corrente desmoldando o bloco, resulta em um bloco de ferro fundido regular.<\/p>\n<p>Este equipamento normalmente consiste em estrutura met\u00e1lica, dispositivo de acionamento e transmiss\u00e3o (motor, redutor e acoplamento), correntes, roletes, dispositivo de spray de \u00e1gua de resfriamento, dispositivo de spray de polpa, liga\u00e7\u00e3o el\u00e9trica e unidade de controle, panela. calha de alimenta\u00e7\u00e3o de panela a lingotador.<\/p>\n<p>Utilizando controle automatizado por CLP (Controlador L\u00f3gico Program\u00e1vel), a velocidade de fundi\u00e7\u00e3o e a intensidade de resfriamento podem ser ajustadas com precis\u00e3o para se adaptarem a diferentes composi\u00e7\u00f5es de ferro-gusa e condi\u00e7\u00f5es ambientais.<\/p>\n<p>Como um elo crucial entre os processos de produ\u00e7\u00e3o de ferro e a\u00e7o, o lingotador (sistema e lingotamento) desempenha um papel vital para garantir a produ\u00e7\u00e3o cont\u00ednua em altos-fornos, equilibrar a oferta e a demanda de ferro-gusa e melhorar a utiliza\u00e7\u00e3o de recursos.<\/p>\n<p>&nbsp;<\/p>","protected":false},"featured_media":8837,"comment_status":"closed","ping_status":"closed","template":"","meta":{"_seopress_robots_primary_cat":"none","_seopress_titles_title":"","_seopress_titles_desc":"","_seopress_robots_index":"","site-sidebar-layout":"default","site-content-layout":"","ast-site-content-layout":"default","site-content-style":"default","site-sidebar-style":"default","ast-global-header-display":"","ast-banner-title-visibility":"","ast-main-header-display":"","ast-hfb-above-header-display":"","ast-hfb-below-header-display":"","ast-hfb-mobile-header-display":"","site-post-title":"","ast-breadcrumbs-content":"","ast-featured-img":"","footer-sml-layout":"","theme-transparent-header-meta":"default","adv-header-id-meta":"","stick-header-meta":"default","header-above-stick-meta":"","header-main-stick-meta":"","header-below-stick-meta":"","astra-migrate-meta-layouts":"set","ast-page-background-enabled":"default","ast-page-background-meta":{"desktop":{"background-color":"var(--ast-global-color-4)","background-image":"","background-repeat":"repeat","background-position":"center center","background-size":"auto","background-attachment":"scroll","background-type":"","background-media":"","overlay-type":"","overlay-color":"","overlay-opacity":"","overlay-gradient":""},"tablet":{"background-color":"","background-image":"","background-repeat":"repeat","background-position":"center center","background-size":"auto","background-attachment":"scroll","background-type":"","background-media":"","overlay-type":"","overlay-color":"","overlay-opacity":"","overlay-gradient":""},"mobile":{"background-color":"","background-image":"","background-repeat":"repeat","background-position":"center center","background-size":"auto","background-attachment":"scroll","background-type":"","background-media":"","overlay-type":"","overlay-color":"","overlay-opacity":"","overlay-gradient":""}},"ast-content-background-meta":{"desktop":{"background-color":"var(--ast-global-color-5)","background-image":"","background-repeat":"repeat","background-position":"center center","background-size":"auto","background-attachment":"scroll","background-type":"","background-media":"","overlay-type":"","overlay-color":"","overlay-opacity":"","overlay-gradient":""},"tablet":{"background-color":"var(--ast-global-color-5)","background-image":"","background-repeat":"repeat","background-position":"center center","background-size":"auto","background-attachment":"scroll","background-type":"","background-media":"","overlay-type":"","overlay-color":"","overlay-opacity":"","overlay-gradient":""},"mobile":{"background-color":"var(--ast-global-color-5)","background-image":"","background-repeat":"repeat","background-position":"center center","background-size":"auto","background-attachment":"scroll","background-type":"","background-media":"","overlay-type":"","overlay-color":"","overlay-opacity":"","overlay-gradient":""}}},"product_brand":[],"product_cat":[98],"product_tag":[],"class_list":{"0":"post-8827","1":"product","2":"type-product","3":"status-publish","4":"has-post-thumbnail","6":"product_cat-fundicao-e-conformacao","7":"desktop-align-center","8":"tablet-align-left","9":"mobile-align-left","10":"ast-product-gallery-layout-horizontal-slider","11":"ast-product-gallery-with-no-image","12":"ast-product-tabs-layout-horizontal","14":"first","15":"instock","16":"featured","17":"shipping-taxable","18":"product-type-simple"},"_links":{"self":[{"href":"https:\/\/www.chinastemp.com.br\/en\/wp-json\/wp\/v2\/product\/8827","targetHints":{"allow":["GET"]}}],"collection":[{"href":"https:\/\/www.chinastemp.com.br\/en\/wp-json\/wp\/v2\/product"}],"about":[{"href":"https:\/\/www.chinastemp.com.br\/en\/wp-json\/wp\/v2\/types\/product"}],"replies":[{"embeddable":true,"href":"https:\/\/www.chinastemp.com.br\/en\/wp-json\/wp\/v2\/comments?post=8827"}],"wp:featuredmedia":[{"embeddable":true,"href":"https:\/\/www.chinastemp.com.br\/en\/wp-json\/wp\/v2\/media\/8837"}],"wp:attachment":[{"href":"https:\/\/www.chinastemp.com.br\/en\/wp-json\/wp\/v2\/media?parent=8827"}],"wp:term":[{"taxonomy":"product_brand","embeddable":true,"href":"https:\/\/www.chinastemp.com.br\/en\/wp-json\/wp\/v2\/product_brand?post=8827"},{"taxonomy":"product_cat","embeddable":true,"href":"https:\/\/www.chinastemp.com.br\/en\/wp-json\/wp\/v2\/product_cat?post=8827"},{"taxonomy":"product_tag","embeddable":true,"href":"https:\/\/www.chinastemp.com.br\/en\/wp-json\/wp\/v2\/product_tag?post=8827"}],"curies":[{"name":"wp","href":"https:\/\/api.w.org\/{rel}","templated":true}]}}