{"id":8710,"date":"2026-01-16T06:51:45","date_gmt":"2026-01-16T06:51:45","guid":{"rendered":"http:\/\/www.chinastemp.com.br\/?post_type=product&#038;p=8710"},"modified":"2026-03-15T02:16:33","modified_gmt":"2026-03-15T02:16:33","slug":"moinho-torre-de-moagem-ultra-fina","status":"publish","type":"product","link":"https:\/\/www.chinastemp.com.br\/en\/product\/moinho-torre-de-moagem-ultra-fina\/","title":{"rendered":"Moinho de Torre de Moagem Ultra Fina"},"content":{"rendered":"<p>A finura do min\u00e9rio \u00e9 uma condi\u00e7\u00e3o crucial para as etapas subsequentes do processo. A granulometria da moagem deve ser suficientemente fina. Tipicamente, 80% do produto deve ter um tamanho de part\u00edcula entre 10 e 53 \u03bcm para alcan\u00e7ar a separa\u00e7\u00e3o b\u00e1sica de minerais met\u00e1licos valiosos em unidades individuais e liber\u00e1-los efetivamente dos minerais da ganga. Nas etapas de moagem e classifica\u00e7\u00e3o, os moinhos de barras e de bolas tradicionais, devido ao tamanho relativamente grande de seus meios de moagem, podem atingir 80% do produto com um tamanho de part\u00edcula entre 45 e 100 \u03bcm. No entanto, ao moer part\u00edculas mais finas, os custos de energia aumentam rapidamente ou a capacidade de moagem diminui drasticamente. Portanto, os moinhos de bolas n\u00e3o s\u00e3o adequados para moer materiais de granulometria fina. Consequentemente, surgiram novos moinhos de torre projetados principalmente para a produ\u00e7\u00e3o de p\u00f3s finos e ultrafinos.<\/p>\n<p><strong><u><b>Estrutura e Opera<\/b><\/u><\/strong><strong><u><b>\u00e7\u00e3o do Moinho de Torre<\/b><\/u><\/strong><\/p>\n<p>&nbsp;<\/p>\n<p>O cilindro do moinho de torre \u00e9 fixado verticalmente a uma base de concreto e preenchido com uma determinada quantidade de meio de moagem.<\/p>\n<p>&nbsp;<\/p>\n<p>A polpa entra em um tanque misturador, sendo ent\u00e3o bombeada por uma bomba de polpa e direcionada para um hidrociclone para classifica\u00e7\u00e3o.<\/p>\n<p>&nbsp;<\/p>\n<p>Durante a classifica\u00e7\u00e3o no hidrociclone, as part\u00edculas finas que overflow s\u00e3o descarregadas como produto, enquanto o material de downflow \u00e9 alimentado no moinho de torre atrav\u00e9s das entradas de alimenta\u00e7\u00e3o superior e inferior\u00a0do moinho de torre.<\/p>\n<p>Quando o motor aciona o agitador espiral de cabe\u00e7a dupla atrav\u00e9s do redutor e do eixo de acoplamento, ele movimenta os meios de moagem e os materiais. Os meios de moagem e os materiais s\u00e3o submetidos \u00e0 a\u00e7\u00e3o combinada de press\u00e3o positiva, for\u00e7a centr\u00edfuga, fric\u00e7\u00e3o e gravidade, formando uma camada rotativa comprimida de meios de moagem. Isso gera uma combina\u00e7\u00e3o de for\u00e7a de cisalhamento, de extrus\u00e3o e de abras\u00e3o entre as part\u00edculas do material e entre o material e os meios de moagem, obtendo-se assim o efeito de refinar part\u00edculas e desintegrar aglomerados.<\/p>\n<p>Materiais mais finos, menores que o di\u00e2metro de corte, sobem com o fluxo da polpa devido \u00e0 sua menor velocidade de sedimenta\u00e7\u00e3o final e s\u00e3o descarregados pela sa\u00edda de transbordamento do moinho de torre.<\/p>\n<p>&nbsp;<\/p>\n<p>Materiais mais grossos, maiores que o di\u00e2metro de corte, t\u00eam uma velocidade de sedimenta\u00e7\u00e3o final maior e s\u00e3o reciclados de volta para o fundo do moinho para uma nova rodada de moagem, obtendo-se assim uma classifica\u00e7\u00e3o interna dentro do moinho de torre.<\/p>\n<p>&nbsp;<\/p>\n<p>A moagem excessiva e a aglomera\u00e7\u00e3o de part\u00edculas s\u00e3o significativamente reduzidas.<\/p>\n<p>Os materiais mais finos s\u00e3o descarregados atrav\u00e9s da sa\u00edda de transbordamento para tanque misturador e, em seguida, bombeados para um hidrociclone para classifica\u00e7\u00e3o. As part\u00edculas finas que atendem aos requisitos do processo s\u00e3o descarregadas pela sa\u00edda de transbordamento do hidrociclone como produto desta etapa de moagem, enquanto os materiais mais grossos que n\u00e3o atendem aos requisitos s\u00e3o devolvidos ao moinho de torre para uma nova rodada de moagem.<\/p>\n<p>&nbsp;<\/p>\n<p>Os meios de moagem \u00a0s\u00e3o alimentados no moinho de torre atrav\u00e9s da entrada de alimenta\u00e7\u00e3o de meios conforme necess\u00e1rio.<\/p>\n<p>&nbsp;<\/p>","protected":false},"excerpt":{"rendered":"<p>A STEMP\u00a0mant\u00e9m parceria com os principais fabricantes de moinhos de torre na China. Podemos auxiliar clientes brasileiros a se conectarem com fabricantes para obterem as solu\u00e7\u00f5es mais adequadas \u00e0s suas necessidades espec\u00edficas, incluindo os minerais a serem mo\u00eddos, o tamanho das part\u00edculas da alimenta\u00e7\u00e3o e a finura desejada do produto.<\/p>\n<p>Os moinhos de torre s\u00e3o amplamente utilizados para a moagem ultrafina de diversos min\u00e9rios e part\u00edculas s\u00f3lidas, incluindo min\u00e9rios de ouro, prata, cobre, n\u00edquel, mangan\u00eas, ferro, zinco e chumbo, atingindo um tamanho de part\u00edcula de 10 a 53 \u03bcm para at\u00e9 80% dos produtos.<\/p>\n<p>Na moagem ultrafina, em compara\u00e7\u00e3o com os moinhos de bolas horizontais, moinhos de torre oferecem maior finura e menor consumo de energia.<\/p>\n<p>O sistema completo consiste em um moinho de torre, um tanque de separa\u00e7\u00e3o, uma bomba de polpa e um hidrociclone.<\/p>\n<p>Quatro tipos diferentes de revestimentos est\u00e3o dispon\u00edveis para atender a diversos cen\u00e1rios de produ\u00e7\u00e3o, cada um oferecendo uma rela\u00e7\u00e3o custo-benef\u00edcio diferente.<\/p>\n<p>Em compara\u00e7\u00e3o com os fabricantes europeus e americanos, os moinhos de torre chineses oferecem tamanho compar\u00e1vel e excelente rela\u00e7\u00e3o custo-benef\u00edcio.<\/p>","protected":false},"featured_media":8715,"comment_status":"closed","ping_status":"closed","template":"","meta":{"_seopress_robots_primary_cat":"none","_seopress_titles_title":"","_seopress_titles_desc":"","_seopress_robots_index":"","site-sidebar-layout":"default","site-content-layout":"","ast-site-content-layout":"default","site-content-style":"default","site-sidebar-style":"default","ast-global-header-display":"","ast-banner-title-visibility":"","ast-main-header-display":"","ast-hfb-above-header-display":"","ast-hfb-below-header-display":"","ast-hfb-mobile-header-display":"","site-post-title":"","ast-breadcrumbs-content":"","ast-featured-img":"","footer-sml-layout":"","theme-transparent-header-meta":"default","adv-header-id-meta":"","stick-header-meta":"default","header-above-stick-meta":"","header-main-stick-meta":"","header-below-stick-meta":"","astra-migrate-meta-layouts":"set","ast-page-background-enabled":"default","ast-page-background-meta":{"desktop":{"background-color":"var(--ast-global-color-4)","background-image":"","background-repeat":"repeat","background-position":"center center","background-size":"auto","background-attachment":"scroll","background-type":"","background-media":"","overlay-type":"","overlay-color":"","overlay-opacity":"","overlay-gradient":""},"tablet":{"background-color":"","background-image":"","background-repeat":"repeat","background-position":"center center","background-size":"auto","background-attachment":"scroll","background-type":"","background-media":"","overlay-type":"","overlay-color":"","overlay-opacity":"","overlay-gradient":""},"mobile":{"background-color":"","background-image":"","background-repeat":"repeat","background-position":"center center","background-size":"auto","background-attachment":"scroll","background-type":"","background-media":"","overlay-type":"","overlay-color":"","overlay-opacity":"","overlay-gradient":""}},"ast-content-background-meta":{"desktop":{"background-color":"var(--ast-global-color-5)","background-image":"","background-repeat":"repeat","background-position":"center center","background-size":"auto","background-attachment":"scroll","background-type":"","background-media":"","overlay-type":"","overlay-color":"","overlay-opacity":"","overlay-gradient":""},"tablet":{"background-color":"var(--ast-global-color-5)","background-image":"","background-repeat":"repeat","background-position":"center center","background-size":"auto","background-attachment":"scroll","background-type":"","background-media":"","overlay-type":"","overlay-color":"","overlay-opacity":"","overlay-gradient":""},"mobile":{"background-color":"var(--ast-global-color-5)","background-image":"","background-repeat":"repeat","background-position":"center center","background-size":"auto","background-attachment":"scroll","background-type":"","background-media":"","overlay-type":"","overlay-color":"","overlay-opacity":"","overlay-gradient":""}}},"product_brand":[],"product_cat":[88,85],"product_tag":[],"class_list":{"0":"post-8710","1":"product","2":"type-product","3":"status-publish","4":"has-post-thumbnail","6":"product_cat-britagem-e-moagem","7":"product_cat-mineracao","8":"desktop-align-center","9":"tablet-align-left","10":"mobile-align-left","11":"ast-product-gallery-layout-horizontal-slider","12":"ast-product-gallery-with-no-image","13":"ast-product-tabs-layout-horizontal","15":"first","16":"instock","17":"shipping-taxable","18":"product-type-simple"},"_links":{"self":[{"href":"https:\/\/www.chinastemp.com.br\/en\/wp-json\/wp\/v2\/product\/8710","targetHints":{"allow":["GET"]}}],"collection":[{"href":"https:\/\/www.chinastemp.com.br\/en\/wp-json\/wp\/v2\/product"}],"about":[{"href":"https:\/\/www.chinastemp.com.br\/en\/wp-json\/wp\/v2\/types\/product"}],"replies":[{"embeddable":true,"href":"https:\/\/www.chinastemp.com.br\/en\/wp-json\/wp\/v2\/comments?post=8710"}],"wp:featuredmedia":[{"embeddable":true,"href":"https:\/\/www.chinastemp.com.br\/en\/wp-json\/wp\/v2\/media\/8715"}],"wp:attachment":[{"href":"https:\/\/www.chinastemp.com.br\/en\/wp-json\/wp\/v2\/media?parent=8710"}],"wp:term":[{"taxonomy":"product_brand","embeddable":true,"href":"https:\/\/www.chinastemp.com.br\/en\/wp-json\/wp\/v2\/product_brand?post=8710"},{"taxonomy":"product_cat","embeddable":true,"href":"https:\/\/www.chinastemp.com.br\/en\/wp-json\/wp\/v2\/product_cat?post=8710"},{"taxonomy":"product_tag","embeddable":true,"href":"https:\/\/www.chinastemp.com.br\/en\/wp-json\/wp\/v2\/product_tag?post=8710"}],"curies":[{"name":"wp","href":"https:\/\/api.w.org\/{rel}","templated":true}]}}