{"id":8673,"date":"2025-12-24T06:56:16","date_gmt":"2025-12-24T06:56:16","guid":{"rendered":"http:\/\/br.sdwailian.com\/?post_type=product&#038;p=8673"},"modified":"2026-01-20T06:43:45","modified_gmt":"2026-01-20T06:43:45","slug":"separador-eletromagnetico-de-intensidade-e-gradiente-alto-c-carrossel-vertical-e-pulsacao","status":"publish","type":"product","link":"https:\/\/www.chinastemp.com.br\/en\/product\/separador-eletromagnetico-de-intensidade-e-gradiente-alto-c-carrossel-vertical-e-pulsacao\/","title":{"rendered":"Separador de Carrossel Veretical"},"content":{"rendered":"<p>Intensidade Magn\u00e9tica Mais Forte e Uniforme:<\/p>\n<p>O separador VPHGMS apresenta vantagem de maior n\u00famero de linhas de fluxo magn\u00e9tico com sua configura\u00e7\u00e3o matrizes de hastes que seguem uma orienta\u00e7\u00e3o que \u00e9 perpendicular ao campo magn\u00e9tico aplicado, de forma a otimizar a for\u00e7a magn\u00e9tica e, ainda, minimizar o risco de aprisionamento de part\u00edculas (causando obstru\u00e7\u00e3o), quando em compara\u00e7\u00e3o com as placas ranhuradas do WHIMS tradicional.<\/p>\n<p>Sem preocupa\u00e7\u00e3o com entupimento das matrizes:<\/p>\n<p>Isto \u00e9 uma vantagem destacada quando se compara com o separador de carrossel horizontal (tipo Jones). A estrutura do carrossel vertical e a forma do matriz de hastes permitem que as part\u00edculas magn\u00e9ticas e\/ou grossas sejam removidas sem ter que passar por toda a profundidade do volume da matriz, evitando o entupimento que sempre acontece na separac\u00e3o com separador WHIMS tradicional.<\/p>\n<p>For\u00e7a Pulsante Adicional:<\/p>\n<p>A for\u00e7a pulsante pode agitar a polpa e manter as part\u00edculas em um estado solto. Ainda pode maximar o ac\u00famulo de part\u00edculas magn\u00e9ticas em todos os lados das hastes de matriz, aumentando a \u00e1rea de captura.<\/p>","protected":false},"excerpt":{"rendered":"<p>Separador SLon, ou seja VPHGMS, separador electromagn\u00e9tico de gradiente alto de carrossel vertical com pulsa\u00e7\u00e3o via \u00famido (Vertical Pulsant High Gradient Magnetic Separator)<\/p>\n<p>Aplica\u00e7\u00e3o:<\/p>\n<p>Concentra\u00e7\u00e3o magn\u00e9tica dos min\u00e9rios fracamente magn\u00e9ticos.<\/p>\n<p>Remo\u00e7\u00e3o das impurezas magn\u00e9ticas dos min\u00e9rios n\u00e3o met\u00e1licos.<\/p>\n<p>Capacidade de processamento<\/p>\n<p>Para min\u00e9rio magn\u00e9tico Max. vaz\u00e3o de alimenta\u00e7\u00e3o &#8211; s\u00f3lidos base seca: 1000 t\/h. Max. vaz\u00e3o de alimenta\u00e7\u00e3o &#8211; polpa por equipmento: 3000 m3\/h.<\/p>\n<p>Para min\u00e9rio n\u00e3o magn\u00e9tico Max. vaz\u00e3o de alimenta\u00e7\u00e3o: 480 t\/h. Max. vaz\u00e3o de alimenta\u00e7\u00e3o &#8211; polpa por equipmento: 2400 m3\/h.<\/p>\n<p>Intensidade magn\u00e9tica: De 8000 gauss a 18000 gauss, ajust\u00e1vel<\/p>","protected":false},"featured_media":8676,"comment_status":"closed","ping_status":"closed","template":"","meta":{"_seopress_robots_primary_cat":"none","_seopress_titles_title":"","_seopress_titles_desc":"","_seopress_robots_index":"","site-sidebar-layout":"default","site-content-layout":"","ast-site-content-layout":"default","site-content-style":"default","site-sidebar-style":"default","ast-global-header-display":"","ast-banner-title-visibility":"","ast-main-header-display":"","ast-hfb-above-header-display":"","ast-hfb-below-header-display":"","ast-hfb-mobile-header-display":"","site-post-title":"","ast-breadcrumbs-content":"","ast-featured-img":"","footer-sml-layout":"","theme-transparent-header-meta":"default","adv-header-id-meta":"","stick-header-meta":"default","header-above-stick-meta":"","header-main-stick-meta":"","header-below-stick-meta":"","astra-migrate-meta-layouts":"set","ast-page-background-enabled":"default","ast-page-background-meta":{"desktop":{"background-color":"var(--ast-global-color-4)","background-image":"","background-repeat":"repeat","background-position":"center center","background-size":"auto","background-attachment":"scroll","background-type":"","background-media":"","overlay-type":"","overlay-color":"","overlay-opacity":"","overlay-gradient":""},"tablet":{"background-color":"","background-image":"","background-repeat":"repeat","background-position":"center center","background-size":"auto","background-attachment":"scroll","background-type":"","background-media":"","overlay-type":"","overlay-color":"","overlay-opacity":"","overlay-gradient":""},"mobile":{"background-color":"","background-image":"","background-repeat":"repeat","background-position":"center center","background-size":"auto","background-attachment":"scroll","background-type":"","background-media":"","overlay-type":"","overlay-color":"","overlay-opacity":"","overlay-gradient":""}},"ast-content-background-meta":{"desktop":{"background-color":"var(--ast-global-color-5)","background-image":"","background-repeat":"repeat","background-position":"center center","background-size":"auto","background-attachment":"scroll","background-type":"","background-media":"","overlay-type":"","overlay-color":"","overlay-opacity":"","overlay-gradient":""},"tablet":{"background-color":"var(--ast-global-color-5)","background-image":"","background-repeat":"repeat","background-position":"center center","background-size":"auto","background-attachment":"scroll","background-type":"","background-media":"","overlay-type":"","overlay-color":"","overlay-opacity":"","overlay-gradient":""},"mobile":{"background-color":"var(--ast-global-color-5)","background-image":"","background-repeat":"repeat","background-position":"center center","background-size":"auto","background-attachment":"scroll","background-type":"","background-media":"","overlay-type":"","overlay-color":"","overlay-opacity":"","overlay-gradient":""}}},"product_brand":[],"product_cat":[85,89],"product_tag":[],"class_list":{"0":"post-8673","1":"product","2":"type-product","3":"status-publish","4":"has-post-thumbnail","6":"product_cat-mineracao","7":"product_cat-separacao-magnetica","8":"desktop-align-center","9":"tablet-align-left","10":"mobile-align-left","11":"ast-product-gallery-layout-horizontal-slider","12":"ast-product-gallery-with-no-image","13":"ast-product-tabs-layout-horizontal","15":"first","16":"instock","17":"featured","18":"shipping-taxable","19":"product-type-simple"},"_links":{"self":[{"href":"https:\/\/www.chinastemp.com.br\/en\/wp-json\/wp\/v2\/product\/8673","targetHints":{"allow":["GET"]}}],"collection":[{"href":"https:\/\/www.chinastemp.com.br\/en\/wp-json\/wp\/v2\/product"}],"about":[{"href":"https:\/\/www.chinastemp.com.br\/en\/wp-json\/wp\/v2\/types\/product"}],"replies":[{"embeddable":true,"href":"https:\/\/www.chinastemp.com.br\/en\/wp-json\/wp\/v2\/comments?post=8673"}],"wp:featuredmedia":[{"embeddable":true,"href":"https:\/\/www.chinastemp.com.br\/en\/wp-json\/wp\/v2\/media\/8676"}],"wp:attachment":[{"href":"https:\/\/www.chinastemp.com.br\/en\/wp-json\/wp\/v2\/media?parent=8673"}],"wp:term":[{"taxonomy":"product_brand","embeddable":true,"href":"https:\/\/www.chinastemp.com.br\/en\/wp-json\/wp\/v2\/product_brand?post=8673"},{"taxonomy":"product_cat","embeddable":true,"href":"https:\/\/www.chinastemp.com.br\/en\/wp-json\/wp\/v2\/product_cat?post=8673"},{"taxonomy":"product_tag","embeddable":true,"href":"https:\/\/www.chinastemp.com.br\/en\/wp-json\/wp\/v2\/product_tag?post=8673"}],"curies":[{"name":"wp","href":"https:\/\/api.w.org\/{rel}","templated":true}]}}